{"id":449,"date":"2023-03-16T11:09:10","date_gmt":"2023-03-16T11:09:10","guid":{"rendered":"https:\/\/cezarplast.com\/?page_id=449"},"modified":"2023-03-16T11:19:12","modified_gmt":"2023-03-16T11:19:12","slug":"%d0%bf%d1%80%d0%b0%d0%b2%d0%be%d1%8a%d0%b3%d1%8a%d0%bb%d0%bd%d0%b8-%d1%82%d0%b0%d0%bf%d0%b8","status":"publish","type":"page","link":"https:\/\/cezarplast.com\/?page_id=449","title":{"rendered":"\u041f\u0440\u0430\u0432\u043e\u044a\u0433\u044a\u043b\u043d\u0438 \u0442\u0430\u043f\u0438"},"content":{"rendered":"\t\t<div data-elementor-type=\"wp-page\" data-elementor-id=\"449\" class=\"elementor elementor-449\">\n\t\t\t\t\t\t\t\t\t<section class=\"elementor-section elementor-top-section elementor-element elementor-element-11223f9 elementor-section-boxed elementor-section-height-default elementor-section-height-default\" data-id=\"11223f9\" data-element_type=\"section\">\n\t\t\t\t\t\t<div class=\"elementor-container elementor-column-gap-default\">\n\t\t\t\t\t<div class=\"elementor-column elementor-col-100 elementor-top-column elementor-element elementor-element-a510c9a\" data-id=\"a510c9a\" data-element_type=\"column\">\n\t\t\t<div class=\"elementor-widget-wrap elementor-element-populated\">\n\t\t\t\t\t\t\t\t<div class=\"elementor-element elementor-element-e7d95e7 elementor-widget elementor-widget-heading\" data-id=\"e7d95e7\" data-element_type=\"widget\" data-widget_type=\"heading.default\">\n\t\t\t\t<div class=\"elementor-widget-container\">\n\t\t\t<style>\/*! elementor - v3.11.2 - 22-02-2023 *\/\n.elementor-heading-title{padding:0;margin:0;line-height:1}.elementor-widget-heading .elementor-heading-title[class*=elementor-size-]>a{color:inherit;font-size:inherit;line-height:inherit}.elementor-widget-heading .elementor-heading-title.elementor-size-small{font-size:15px}.elementor-widget-heading .elementor-heading-title.elementor-size-medium{font-size:19px}.elementor-widget-heading .elementor-heading-title.elementor-size-large{font-size:29px}.elementor-widget-heading .elementor-heading-title.elementor-size-xl{font-size:39px}.elementor-widget-heading .elementor-heading-title.elementor-size-xxl{font-size:59px}<\/style><h2 class=\"elementor-heading-title elementor-size-medium\">\u0422\u0430\u043f\u0430\u0442\u0430 \u0441\u0435 \u043f\u0440\u0435\u0434\u043b\u0430\u0433\u0430 \u0432 \u0441\u043b\u0435\u0434\u043d\u0438\u0442\u0435 \u0440\u0430\u0437\u043c\u0435\u0440\u0438: 15x20, 15x30, 20x30, 20x40<\/h2>\t\t<\/div>\n\t\t\t\t<\/div>\n\t\t\t\t\t<\/div>\n\t\t<\/div>\n\t\t\t\t\t\t\t<\/div>\n\t\t<\/section>\n\t\t\t\t<section class=\"elementor-section elementor-top-section elementor-element elementor-element-9278494 elementor-section-boxed elementor-section-height-default elementor-section-height-default\" data-id=\"9278494\" data-element_type=\"section\">\n\t\t\t\t\t\t<div class=\"elementor-container elementor-column-gap-default\">\n\t\t\t\t\t<div class=\"elementor-column elementor-col-100 elementor-top-column elementor-element elementor-element-5e85a9b\" data-id=\"5e85a9b\" data-element_type=\"column\">\n\t\t\t<div class=\"elementor-widget-wrap\">\n\t\t\t\t\t\t\t\t\t<\/div>\n\t\t<\/div>\n\t\t\t\t\t\t\t<\/div>\n\t\t<\/section>\n\t\t\t\t<section class=\"elementor-section elementor-top-section elementor-element elementor-element-cf0ddb3 elementor-section-boxed elementor-section-height-default elementor-section-height-default\" data-id=\"cf0ddb3\" data-element_type=\"section\">\n\t\t\t\t\t\t<div class=\"elementor-container elementor-column-gap-default\">\n\t\t\t\t\t<div class=\"elementor-column elementor-col-100 elementor-top-column elementor-element elementor-element-44c5c4b\" data-id=\"44c5c4b\" data-element_type=\"column\">\n\t\t\t<div class=\"elementor-widget-wrap elementor-element-populated\">\n\t\t\t\t\t\t\t\t<div class=\"elementor-element elementor-element-3b9346f elementor-widget elementor-widget-image-gallery\" data-id=\"3b9346f\" data-element_type=\"widget\" data-widget_type=\"image-gallery.default\">\n\t\t\t\t<div class=\"elementor-widget-container\">\n\t\t\t<style>\/*! elementor - v3.11.2 - 22-02-2023 *\/\n.elementor-image-gallery .gallery-item{display:inline-block;text-align:center;vertical-align:top;width:100%;max-width:100%;margin:0 auto}.elementor-image-gallery .gallery-item img{margin:0 auto}.elementor-image-gallery .gallery-item .gallery-caption{margin:0}.elementor-image-gallery figure img{display:block}.elementor-image-gallery figure figcaption{width:100%}.gallery-spacing-custom .elementor-image-gallery .gallery-icon{padding:0}@media (min-width:768px){.elementor-image-gallery .gallery-columns-2 .gallery-item{max-width:50%}.elementor-image-gallery .gallery-columns-3 .gallery-item{max-width:33.33%}.elementor-image-gallery .gallery-columns-4 .gallery-item{max-width:25%}.elementor-image-gallery .gallery-columns-5 .gallery-item{max-width:20%}.elementor-image-gallery .gallery-columns-6 .gallery-item{max-width:16.666%}.elementor-image-gallery .gallery-columns-7 .gallery-item{max-width:14.28%}.elementor-image-gallery .gallery-columns-8 .gallery-item{max-width:12.5%}.elementor-image-gallery .gallery-columns-9 .gallery-item{max-width:11.11%}.elementor-image-gallery .gallery-columns-10 .gallery-item{max-width:10%}}@media (min-width:480px) and (max-width:767px){.elementor-image-gallery .gallery.gallery-columns-2 .gallery-item,.elementor-image-gallery .gallery.gallery-columns-3 .gallery-item,.elementor-image-gallery .gallery.gallery-columns-4 .gallery-item,.elementor-image-gallery .gallery.gallery-columns-5 .gallery-item,.elementor-image-gallery .gallery.gallery-columns-6 .gallery-item,.elementor-image-gallery .gallery.gallery-columns-7 .gallery-item,.elementor-image-gallery .gallery.gallery-columns-8 .gallery-item,.elementor-image-gallery .gallery.gallery-columns-9 .gallery-item,.elementor-image-gallery .gallery.gallery-columns-10 .gallery-item{max-width:50%}}@media (max-width:479px){.elementor-image-gallery .gallery.gallery-columns-2 .gallery-item,.elementor-image-gallery .gallery.gallery-columns-3 .gallery-item,.elementor-image-gallery .gallery.gallery-columns-4 .gallery-item,.elementor-image-gallery .gallery.gallery-columns-5 .gallery-item,.elementor-image-gallery .gallery.gallery-columns-6 .gallery-item,.elementor-image-gallery .gallery.gallery-columns-7 .gallery-item,.elementor-image-gallery .gallery.gallery-columns-8 .gallery-item,.elementor-image-gallery .gallery.gallery-columns-9 .gallery-item,.elementor-image-gallery .gallery.gallery-columns-10 .gallery-item{max-width:100%}}<\/style>\t\t<div class=\"elementor-image-gallery\">\n\t\t\t<div id='gallery-1' class='gallery galleryid-449 gallery-columns-4 gallery-size-medium'><figure class='gallery-item'>\n\t\t\t<div class='gallery-icon landscape'>\n\t\t\t\t<a data-elementor-open-lightbox=\"yes\" data-elementor-lightbox-slideshow=\"3b9346f\" data-elementor-lightbox-title=\"15x20\" data-e-action-hash=\"#elementor-action%3Aaction%3Dlightbox%26settings%3DeyJpZCI6NDU0LCJ1cmwiOiJodHRwczpcL1wvY2V6YXJwbGFzdC5jb21cL3dwLWNvbnRlbnRcL3VwbG9hZHNcLzIwMjNcLzAzXC8xNXgyMC5qcGciLCJzbGlkZXNob3ciOiIzYjkzNDZmIn0%3D\" href='https:\/\/cezarplast.com\/wp-content\/uploads\/2023\/03\/15x20.jpg'><img loading=\"lazy\" decoding=\"async\" width=\"300\" height=\"213\" src=\"https:\/\/cezarplast.com\/wp-content\/uploads\/2023\/03\/15x20-300x213.jpg\" class=\"attachment-medium size-medium\" alt=\"\" aria-describedby=\"gallery-1-454\" srcset=\"https:\/\/cezarplast.com\/wp-content\/uploads\/2023\/03\/15x20-300x213.jpg 300w, https:\/\/cezarplast.com\/wp-content\/uploads\/2023\/03\/15x20-1024x728.jpg 1024w, https:\/\/cezarplast.com\/wp-content\/uploads\/2023\/03\/15x20-768x546.jpg 768w, https:\/\/cezarplast.com\/wp-content\/uploads\/2023\/03\/15x20-650x462.jpg 650w, https:\/\/cezarplast.com\/wp-content\/uploads\/2023\/03\/15x20.jpg 1440w\" sizes=\"auto, (max-width: 300px) 100vw, 300px\" \/><\/a>\n\t\t\t<\/div>\n\t\t\t\t<figcaption class='wp-caption-text gallery-caption' id='gallery-1-454'>\n\t\t\t\t15&#215;20\n\t\t\t\t<\/figcaption><\/figure><figure class='gallery-item'>\n\t\t\t<div class='gallery-icon landscape'>\n\t\t\t\t<a data-elementor-open-lightbox=\"yes\" data-elementor-lightbox-slideshow=\"3b9346f\" data-elementor-lightbox-title=\"15x30\" data-e-action-hash=\"#elementor-action%3Aaction%3Dlightbox%26settings%3DeyJpZCI6NDU1LCJ1cmwiOiJodHRwczpcL1wvY2V6YXJwbGFzdC5jb21cL3dwLWNvbnRlbnRcL3VwbG9hZHNcLzIwMjNcLzAzXC8xNXgzMC0xLmpwZyIsInNsaWRlc2hvdyI6IjNiOTM0NmYifQ%3D%3D\" href='https:\/\/cezarplast.com\/wp-content\/uploads\/2023\/03\/15x30-1.jpg'><img loading=\"lazy\" decoding=\"async\" width=\"300\" height=\"213\" src=\"https:\/\/cezarplast.com\/wp-content\/uploads\/2023\/03\/15x30-1-300x213.jpg\" class=\"attachment-medium size-medium\" alt=\"\" aria-describedby=\"gallery-1-455\" srcset=\"https:\/\/cezarplast.com\/wp-content\/uploads\/2023\/03\/15x30-1-300x213.jpg 300w, https:\/\/cezarplast.com\/wp-content\/uploads\/2023\/03\/15x30-1-1024x728.jpg 1024w, https:\/\/cezarplast.com\/wp-content\/uploads\/2023\/03\/15x30-1-768x546.jpg 768w, https:\/\/cezarplast.com\/wp-content\/uploads\/2023\/03\/15x30-1-650x462.jpg 650w, https:\/\/cezarplast.com\/wp-content\/uploads\/2023\/03\/15x30-1.jpg 1440w\" sizes=\"auto, (max-width: 300px) 100vw, 300px\" \/><\/a>\n\t\t\t<\/div>\n\t\t\t\t<figcaption class='wp-caption-text gallery-caption' id='gallery-1-455'>\n\t\t\t\t15&#215;30\n\t\t\t\t<\/figcaption><\/figure><figure class='gallery-item'>\n\t\t\t<div class='gallery-icon landscape'>\n\t\t\t\t<a data-elementor-open-lightbox=\"yes\" data-elementor-lightbox-slideshow=\"3b9346f\" data-elementor-lightbox-title=\"20x30\" data-e-action-hash=\"#elementor-action%3Aaction%3Dlightbox%26settings%3DeyJpZCI6NDU2LCJ1cmwiOiJodHRwczpcL1wvY2V6YXJwbGFzdC5jb21cL3dwLWNvbnRlbnRcL3VwbG9hZHNcLzIwMjNcLzAzXC8yMHgzMC5qcGciLCJzbGlkZXNob3ciOiIzYjkzNDZmIn0%3D\" href='https:\/\/cezarplast.com\/wp-content\/uploads\/2023\/03\/20x30.jpg'><img loading=\"lazy\" decoding=\"async\" width=\"300\" height=\"213\" src=\"https:\/\/cezarplast.com\/wp-content\/uploads\/2023\/03\/20x30-300x213.jpg\" class=\"attachment-medium size-medium\" alt=\"\" aria-describedby=\"gallery-1-456\" srcset=\"https:\/\/cezarplast.com\/wp-content\/uploads\/2023\/03\/20x30-300x213.jpg 300w, https:\/\/cezarplast.com\/wp-content\/uploads\/2023\/03\/20x30-1024x728.jpg 1024w, https:\/\/cezarplast.com\/wp-content\/uploads\/2023\/03\/20x30-768x546.jpg 768w, https:\/\/cezarplast.com\/wp-content\/uploads\/2023\/03\/20x30-650x462.jpg 650w, https:\/\/cezarplast.com\/wp-content\/uploads\/2023\/03\/20x30.jpg 1440w\" sizes=\"auto, (max-width: 300px) 100vw, 300px\" \/><\/a>\n\t\t\t<\/div>\n\t\t\t\t<figcaption class='wp-caption-text gallery-caption' id='gallery-1-456'>\n\t\t\t\t20&#215;30\n\t\t\t\t<\/figcaption><\/figure><figure class='gallery-item'>\n\t\t\t<div class='gallery-icon landscape'>\n\t\t\t\t<a data-elementor-open-lightbox=\"yes\" data-elementor-lightbox-slideshow=\"3b9346f\" data-elementor-lightbox-title=\"20x40\" data-e-action-hash=\"#elementor-action%3Aaction%3Dlightbox%26settings%3DeyJpZCI6NDU3LCJ1cmwiOiJodHRwczpcL1wvY2V6YXJwbGFzdC5jb21cL3dwLWNvbnRlbnRcL3VwbG9hZHNcLzIwMjNcLzAzXC8yMHg0MC5qcGciLCJzbGlkZXNob3ciOiIzYjkzNDZmIn0%3D\" href='https:\/\/cezarplast.com\/wp-content\/uploads\/2023\/03\/20x40.jpg'><img loading=\"lazy\" decoding=\"async\" width=\"300\" height=\"213\" src=\"https:\/\/cezarplast.com\/wp-content\/uploads\/2023\/03\/20x40-300x213.jpg\" class=\"attachment-medium size-medium\" alt=\"\" aria-describedby=\"gallery-1-457\" srcset=\"https:\/\/cezarplast.com\/wp-content\/uploads\/2023\/03\/20x40-300x213.jpg 300w, https:\/\/cezarplast.com\/wp-content\/uploads\/2023\/03\/20x40-1024x728.jpg 1024w, https:\/\/cezarplast.com\/wp-content\/uploads\/2023\/03\/20x40-768x546.jpg 768w, https:\/\/cezarplast.com\/wp-content\/uploads\/2023\/03\/20x40-650x462.jpg 650w, https:\/\/cezarplast.com\/wp-content\/uploads\/2023\/03\/20x40.jpg 1440w\" sizes=\"auto, (max-width: 300px) 100vw, 300px\" \/><\/a>\n\t\t\t<\/div>\n\t\t\t\t<figcaption class='wp-caption-text gallery-caption' id='gallery-1-457'>\n\t\t\t\t20&#215;40\n\t\t\t\t<\/figcaption><\/figure>\n\t\t<\/div>\n\t\t<\/div>\n\t\t\t\t<\/div>\n\t\t\t\t<\/div>\n\t\t\t\t\t<\/div>\n\t\t<\/div>\n\t\t\t\t\t\t\t<\/div>\n\t\t<\/section>\n\t\t\t\t\t\t\t<\/div>\n\t\t","protected":false},"excerpt":{"rendered":"<p>\u0422\u0430\u043f\u0430\u0442\u0430 \u0441\u0435 \u043f\u0440\u0435\u0434\u043b\u0430\u0433\u0430 \u0432 \u0441\u043b\u0435\u0434\u043d\u0438\u0442\u0435 \u0440\u0430\u0437\u043c\u0435\u0440\u0438: 15&#215;20, 15&#215;30, 20&#215;30, 20&#215;40 15\u00d720 15\u00d730 20\u00d730 20\u00d740<\/p>\n","protected":false},"author":1,"featured_media":0,"parent":0,"menu_order":0,"comment_status":"closed","ping_status":"closed","template":"","meta":{"footnotes":""},"class_list":["post-449","page","type-page","status-publish","hentry"],"_links":{"self":[{"href":"https:\/\/cezarplast.com\/index.php?rest_route=\/wp\/v2\/pages\/449","targetHints":{"allow":["GET"]}}],"collection":[{"href":"https:\/\/cezarplast.com\/index.php?rest_route=\/wp\/v2\/pages"}],"about":[{"href":"https:\/\/cezarplast.com\/index.php?rest_route=\/wp\/v2\/types\/page"}],"author":[{"embeddable":true,"href":"https:\/\/cezarplast.com\/index.php?rest_route=\/wp\/v2\/users\/1"}],"replies":[{"embeddable":true,"href":"https:\/\/cezarplast.com\/index.php?rest_route=%2Fwp%2Fv2%2Fcomments&post=449"}],"version-history":[{"count":8,"href":"https:\/\/cezarplast.com\/index.php?rest_route=\/wp\/v2\/pages\/449\/revisions"}],"predecessor-version":[{"id":461,"href":"https:\/\/cezarplast.com\/index.php?rest_route=\/wp\/v2\/pages\/449\/revisions\/461"}],"wp:attachment":[{"href":"https:\/\/cezarplast.com\/index.php?rest_route=%2Fwp%2Fv2%2Fmedia&parent=449"}],"curies":[{"name":"wp","href":"https:\/\/api.w.org\/{rel}","templated":true}]}}